{"id":2,"date":"2026-03-04T17:39:11","date_gmt":"2026-03-04T16:39:11","guid":{"rendered":"https:\/\/drdobrovitzalexandra.hu\/?page_id=2"},"modified":"2026-03-04T22:38:15","modified_gmt":"2026-03-04T21:38:15","slug":"ez-egy-minta-oldal","status":"publish","type":"page","link":"https:\/\/drdobrovitzalexandra.hu\/","title":{"rendered":"Bemutatkoz\u00e1s"},"content":{"rendered":"\n<div class=\"wp-block-media-text has-media-on-the-right is-stacked-on-mobile\"><div class=\"wp-block-media-text__content\">\n<p>Szeretettel k\u00f6sz\u00f6nt\u00f6m a honlapomon!<\/p>\n\n\n\n<p>\u00dcgyv\u00e9dk\u00e9nt az \u00d6n \u00e9rdekeit helyezem k\u00f6z\u00e9ppontba. A PhD hallgat\u00f3k\u00e9nt v\u00e9gzett kutat\u00e1saim sor\u00e1n szerzett elm\u00e9leti tud\u00e1st k\u00f6zvetlen\u00fcl alkalmazom a gyakorlatban, k\u00fcl\u00f6n\u00f6s tekintettel a f\u00f6ldforgalmi \u00e9s agr\u00e1rjogi k\u00e9rd\u00e9sekre. <br>Sz\u00e9lesk\u00f6r\u0171 tapasztalatommal biztons\u00e1gos ingatlan\u00fcgyleteket \u00e9s megb\u00edzhat\u00f3 polg\u00e1ri jogi k\u00e9pviseletet ny\u00fajtok. Elk\u00f6telezett vagyok a jog\u00e1szi hivat\u00e1s legmagasabb sz\u00ednvonal\u00e1nak k\u00e9pviselete ir\u00e1nt, szem\u00e9lyre szabott, hat\u00e9kony jogi megold\u00e1sokat k\u00edn\u00e1lva \u00fcgyfeleimnek.<\/p>\n<\/div><figure class=\"wp-block-media-text__media\"><img loading=\"lazy\" decoding=\"async\" width=\"431\" height=\"648\" src=\"https:\/\/drdobrovitzalexandra.hu\/wp-content\/uploads\/2026\/03\/Kep-en.png\" alt=\"\" class=\"wp-image-19 size-full\" srcset=\"https:\/\/drdobrovitzalexandra.hu\/wp-content\/uploads\/2026\/03\/Kep-en.png 431w, https:\/\/drdobrovitzalexandra.hu\/wp-content\/uploads\/2026\/03\/Kep-en-200x300.png 200w, https:\/\/drdobrovitzalexandra.hu\/wp-content\/uploads\/2026\/03\/Kep-en-40x60.png 40w\" sizes=\"auto, (max-width: 431px) 100vw, 431px\" \/><\/figure><\/div>\n\n\n\n<p class=\"has-background\" style=\"background-color:#e5c1c10d\"><\/p>\n","protected":false},"excerpt":{"rendered":"<p>Szeretettel k\u00f6sz\u00f6nt\u00f6m a honlapomon! \u00dcgyv\u00e9dk\u00e9nt az \u00d6n \u00e9rdekeit helyezem k\u00f6z\u00e9ppontba. A PhD hallgat\u00f3k\u00e9nt v\u00e9gzett kutat\u00e1saim sor\u00e1n szerzett elm\u00e9leti tud\u00e1st k\u00f6zvetlen\u00fcl alkalmazom a gyakorlatban, k\u00fcl\u00f6n\u00f6s tekintettel a f\u00f6ldforgalmi \u00e9s agr\u00e1rjogi k\u00e9rd\u00e9sekre. Sz\u00e9lesk\u00f6r\u0171 tapasztalatommal biztons\u00e1gos ingatlan\u00fcgyleteket \u00e9s megb\u00edzhat\u00f3 polg\u00e1ri jogi k\u00e9pviseletet ny\u00fajtok. Elk\u00f6telezett vagyok a jog\u00e1szi hivat\u00e1s legmagasabb sz\u00ednvonal\u00e1nak k\u00e9pviselete ir\u00e1nt, szem\u00e9lyre szabott, hat\u00e9kony jogi megold\u00e1sokat k\u00edn\u00e1lva &hellip; <\/p>\n","protected":false},"author":1,"featured_media":0,"parent":0,"menu_order":0,"comment_status":"closed","ping_status":"open","template":"","meta":{"footnotes":""},"class_list":["post-2","page","type-page","status-publish","hentry"],"_links":{"self":[{"href":"https:\/\/drdobrovitzalexandra.hu\/index.php?rest_route=\/wp\/v2\/pages\/2","targetHints":{"allow":["GET"]}}],"collection":[{"href":"https:\/\/drdobrovitzalexandra.hu\/index.php?rest_route=\/wp\/v2\/pages"}],"about":[{"href":"https:\/\/drdobrovitzalexandra.hu\/index.php?rest_route=\/wp\/v2\/types\/page"}],"author":[{"embeddable":true,"href":"https:\/\/drdobrovitzalexandra.hu\/index.php?rest_route=\/wp\/v2\/users\/1"}],"replies":[{"embeddable":true,"href":"https:\/\/drdobrovitzalexandra.hu\/index.php?rest_route=%2Fwp%2Fv2%2Fcomments&post=2"}],"version-history":[{"count":6,"href":"https:\/\/drdobrovitzalexandra.hu\/index.php?rest_route=\/wp\/v2\/pages\/2\/revisions"}],"predecessor-version":[{"id":74,"href":"https:\/\/drdobrovitzalexandra.hu\/index.php?rest_route=\/wp\/v2\/pages\/2\/revisions\/74"}],"wp:attachment":[{"href":"https:\/\/drdobrovitzalexandra.hu\/index.php?rest_route=%2Fwp%2Fv2%2Fmedia&parent=2"}],"curies":[{"name":"wp","href":"https:\/\/api.w.org\/{rel}","templated":true}]}}