{"id":21,"date":"2026-03-04T19:08:59","date_gmt":"2026-03-04T18:08:59","guid":{"rendered":"https:\/\/drdobrovitzalexandra.hu\/?page_id=21"},"modified":"2026-03-04T19:48:09","modified_gmt":"2026-03-04T18:48:09","slug":"szakteruleteim","status":"publish","type":"page","link":"https:\/\/drdobrovitzalexandra.hu\/?page_id=21","title":{"rendered":"Szakter\u00fcleteim"},"content":{"rendered":"\n<p class=\"has-text-align-center has-white-background-color has-background\"><strong>Agr\u00e1rjog<\/strong><br>Ad\u00e1sv\u00e9teli \u00e9s haszonb\u00e9rleti szerz\u0151d\u00e9sek, gazdas\u00e1g\u00e1tad\u00e1s, valamint \u00e1tfog\u00f3 jogi tan\u00e1csad\u00e1s \u00e9s k\u00e9pviselet az agr\u00e1rjog minden ter\u00fclet\u00e9n.<\/p>\n\n\n\n<p class=\"has-text-align-center has-background\" style=\"background-color:#ffffff00\"><strong>Polg\u00e1ri jog<\/strong><br>Ingatlanjog, \u00f6r\u00f6kl\u00e9si jog, k\u00e1rt\u00e9r\u00edt\u00e9si \u00fcgyek kezel\u00e9se \u00e9s egy\u00e9b szerz\u0151d\u00e9sek szakszer\u0171 el\u0151k\u00e9sz\u00edt\u00e9se \u00e9s fel\u00fclvizsg\u00e1lata.<\/p>\n\n\n\n<p class=\"has-text-align-center has-background\" style=\"background-color:#ffffff00\"><strong>C\u00e9gjog \u00e9s t\u00e1rsas\u00e1gi jog<\/strong><br>C\u00e9galap\u00edt\u00e1s, v\u00e1ltoz\u00e1sbejegyz\u00e9s, felsz\u00e1mol\u00e1si \u00e9s v\u00e9gelsz\u00e1mol\u00e1si elj\u00e1r\u00e1sok, cs\u0151delj\u00e1r\u00e1s, valamint \u00e1tfog\u00f3 t\u00e1rsas\u00e1gi jogi tan\u00e1csad\u00e1s.<\/p>\n\n\n\n<p class=\"has-text-align-center\"><strong>Munkajog<\/strong><br>Munkaszerz\u0151d\u00e9sek elk\u00e9sz\u00edt\u00e9se \u00e9s fel\u00fclvizsg\u00e1lata, munka\u00fcgyi vit\u00e1k kezel\u00e9se, jogi \u00e1ll\u00e1sfoglal\u00e1sok k\u00e9sz\u00edt\u00e9se munk\u00e1ltat\u00f3k \u00e9s munkav\u00e1llal\u00f3k r\u00e9sz\u00e9re.<\/p>\n\n\n\n<p><\/p>\n","protected":false},"excerpt":{"rendered":"<p>Agr\u00e1rjogAd\u00e1sv\u00e9teli \u00e9s haszonb\u00e9rleti szerz\u0151d\u00e9sek, gazdas\u00e1g\u00e1tad\u00e1s, valamint \u00e1tfog\u00f3 jogi tan\u00e1csad\u00e1s \u00e9s k\u00e9pviselet az agr\u00e1rjog minden ter\u00fclet\u00e9n. Polg\u00e1ri jogIngatlanjog, \u00f6r\u00f6kl\u00e9si jog, k\u00e1rt\u00e9r\u00edt\u00e9si \u00fcgyek kezel\u00e9se \u00e9s egy\u00e9b szerz\u0151d\u00e9sek szakszer\u0171 el\u0151k\u00e9sz\u00edt\u00e9se \u00e9s fel\u00fclvizsg\u00e1lata. C\u00e9gjog \u00e9s t\u00e1rsas\u00e1gi jogC\u00e9galap\u00edt\u00e1s, v\u00e1ltoz\u00e1sbejegyz\u00e9s, felsz\u00e1mol\u00e1si \u00e9s v\u00e9gelsz\u00e1mol\u00e1si elj\u00e1r\u00e1sok, cs\u0151delj\u00e1r\u00e1s, valamint \u00e1tfog\u00f3 t\u00e1rsas\u00e1gi jogi tan\u00e1csad\u00e1s. MunkajogMunkaszerz\u0151d\u00e9sek elk\u00e9sz\u00edt\u00e9se \u00e9s fel\u00fclvizsg\u00e1lata, munka\u00fcgyi vit\u00e1k kezel\u00e9se, jogi \u00e1ll\u00e1sfoglal\u00e1sok k\u00e9sz\u00edt\u00e9se munk\u00e1ltat\u00f3k &hellip; <\/p>\n","protected":false},"author":1,"featured_media":0,"parent":0,"menu_order":0,"comment_status":"closed","ping_status":"closed","template":"","meta":{"footnotes":""},"class_list":["post-21","page","type-page","status-publish","hentry"],"_links":{"self":[{"href":"https:\/\/drdobrovitzalexandra.hu\/index.php?rest_route=\/wp\/v2\/pages\/21","targetHints":{"allow":["GET"]}}],"collection":[{"href":"https:\/\/drdobrovitzalexandra.hu\/index.php?rest_route=\/wp\/v2\/pages"}],"about":[{"href":"https:\/\/drdobrovitzalexandra.hu\/index.php?rest_route=\/wp\/v2\/types\/page"}],"author":[{"embeddable":true,"href":"https:\/\/drdobrovitzalexandra.hu\/index.php?rest_route=\/wp\/v2\/users\/1"}],"replies":[{"embeddable":true,"href":"https:\/\/drdobrovitzalexandra.hu\/index.php?rest_route=%2Fwp%2Fv2%2Fcomments&post=21"}],"version-history":[{"count":3,"href":"https:\/\/drdobrovitzalexandra.hu\/index.php?rest_route=\/wp\/v2\/pages\/21\/revisions"}],"predecessor-version":[{"id":45,"href":"https:\/\/drdobrovitzalexandra.hu\/index.php?rest_route=\/wp\/v2\/pages\/21\/revisions\/45"}],"wp:attachment":[{"href":"https:\/\/drdobrovitzalexandra.hu\/index.php?rest_route=%2Fwp%2Fv2%2Fmedia&parent=21"}],"curies":[{"name":"wp","href":"https:\/\/api.w.org\/{rel}","templated":true}]}}