{"id":24,"date":"2026-03-04T19:08:42","date_gmt":"2026-03-04T18:08:42","guid":{"rendered":"https:\/\/drdobrovitzalexandra.hu\/?page_id=24"},"modified":"2026-03-06T12:26:23","modified_gmt":"2026-03-06T11:26:23","slug":"kapcsolat","status":"publish","type":"page","link":"https:\/\/drdobrovitzalexandra.hu\/?page_id=24","title":{"rendered":"Kapcsolat"},"content":{"rendered":"\n<p><strong>L\u00e9pjen Kapcsolatba Velem!<\/strong><br>K\u00e9szen \u00e1llok, hogy jogi k\u00e9rd\u00e9seiben professzion\u00e1lis seg\u00edts\u00e9get ny\u00fajtsak. Legyen sz\u00f3 ingatlan\u00fcgyletr\u0151l, mez\u0151gazdas\u00e1gi hasznos\u00edt\u00e1s\u00fa f\u00f6ld \u00fcgy\u00e9r\u0151l, c\u00e9gjogi k\u00e9rd\u00e9sr\u0151l vagy munka\u00fcgyi vit\u00e1r\u00f3l \u2013 tapasztalatommal \u00e9s szaktud\u00e1sommal az \u00d6n oldal\u00e1n \u00e1llok.<br><\/p>\n\n\n\n<div class=\"wp-block-media-text is-stacked-on-mobile\"><figure class=\"wp-block-media-text__media\"><img loading=\"lazy\" decoding=\"async\" width=\"376\" height=\"376\" src=\"https:\/\/drdobrovitzalexandra.hu\/wp-content\/uploads\/2026\/03\/iroda-konz.png\" alt=\"\" class=\"wp-image-25 size-full\" srcset=\"https:\/\/drdobrovitzalexandra.hu\/wp-content\/uploads\/2026\/03\/iroda-konz.png 376w, https:\/\/drdobrovitzalexandra.hu\/wp-content\/uploads\/2026\/03\/iroda-konz-300x300.png 300w, https:\/\/drdobrovitzalexandra.hu\/wp-content\/uploads\/2026\/03\/iroda-konz-150x150.png 150w, https:\/\/drdobrovitzalexandra.hu\/wp-content\/uploads\/2026\/03\/iroda-konz-60x60.png 60w\" sizes=\"auto, (max-width: 376px) 100vw, 376px\" \/><\/figure><div class=\"wp-block-media-text__content\">\n<p>I<strong>roda<\/strong><br>2220 Vecs\u00e9s, Bocskai u. 39.<br>2220 Vecs\u00e9s, F\u0151 \u00fat 64.<\/p>\n\n\n\n<p><strong>Telefon<\/strong><br>+36703723432<\/p>\n<\/div><\/div>\n\n\n\n<div class=\"wp-block-media-text has-media-on-the-right is-stacked-on-mobile\"><div class=\"wp-block-media-text__content\">\n<p><strong>E-mail<\/strong><br>iroda@drdobrovitzalexandra.hu<\/p>\n\n\n\n<p>iroda.drdobrovitz@gmail.com<\/p>\n<\/div><figure class=\"wp-block-media-text__media\"><img loading=\"lazy\" decoding=\"async\" width=\"376\" height=\"257\" src=\"https:\/\/drdobrovitzalexandra.hu\/wp-content\/uploads\/2026\/03\/laptop.png\" alt=\"\" class=\"wp-image-38 size-full\" srcset=\"https:\/\/drdobrovitzalexandra.hu\/wp-content\/uploads\/2026\/03\/laptop.png 376w, https:\/\/drdobrovitzalexandra.hu\/wp-content\/uploads\/2026\/03\/laptop-300x205.png 300w, https:\/\/drdobrovitzalexandra.hu\/wp-content\/uploads\/2026\/03\/laptop-88x60.png 88w\" sizes=\"auto, (max-width: 376px) 100vw, 376px\" \/><\/figure><\/div>\n\n\n\n<p><\/p>\n","protected":false},"excerpt":{"rendered":"<p>L\u00e9pjen Kapcsolatba Velem!K\u00e9szen \u00e1llok, hogy jogi k\u00e9rd\u00e9seiben professzion\u00e1lis seg\u00edts\u00e9get ny\u00fajtsak. Legyen sz\u00f3 ingatlan\u00fcgyletr\u0151l, mez\u0151gazdas\u00e1gi hasznos\u00edt\u00e1s\u00fa f\u00f6ld \u00fcgy\u00e9r\u0151l, c\u00e9gjogi k\u00e9rd\u00e9sr\u0151l vagy munka\u00fcgyi vit\u00e1r\u00f3l \u2013 tapasztalatommal \u00e9s szaktud\u00e1sommal az \u00d6n oldal\u00e1n \u00e1llok. Iroda2220 Vecs\u00e9s, Bocskai u. 39.2220 Vecs\u00e9s, F\u0151 \u00fat 64. Telefon+36703723432 E-mailiroda@drdobrovitzalexandra.hu iroda.drdobrovitz@gmail.com<\/p>\n","protected":false},"author":1,"featured_media":0,"parent":0,"menu_order":0,"comment_status":"closed","ping_status":"closed","template":"","meta":{"footnotes":""},"class_list":["post-24","page","type-page","status-publish","hentry"],"_links":{"self":[{"href":"https:\/\/drdobrovitzalexandra.hu\/index.php?rest_route=\/wp\/v2\/pages\/24","targetHints":{"allow":["GET"]}}],"collection":[{"href":"https:\/\/drdobrovitzalexandra.hu\/index.php?rest_route=\/wp\/v2\/pages"}],"about":[{"href":"https:\/\/drdobrovitzalexandra.hu\/index.php?rest_route=\/wp\/v2\/types\/page"}],"author":[{"embeddable":true,"href":"https:\/\/drdobrovitzalexandra.hu\/index.php?rest_route=\/wp\/v2\/users\/1"}],"replies":[{"embeddable":true,"href":"https:\/\/drdobrovitzalexandra.hu\/index.php?rest_route=%2Fwp%2Fv2%2Fcomments&post=24"}],"version-history":[{"count":5,"href":"https:\/\/drdobrovitzalexandra.hu\/index.php?rest_route=\/wp\/v2\/pages\/24\/revisions"}],"predecessor-version":[{"id":76,"href":"https:\/\/drdobrovitzalexandra.hu\/index.php?rest_route=\/wp\/v2\/pages\/24\/revisions\/76"}],"wp:attachment":[{"href":"https:\/\/drdobrovitzalexandra.hu\/index.php?rest_route=%2Fwp%2Fv2%2Fmedia&parent=24"}],"curies":[{"name":"wp","href":"https:\/\/api.w.org\/{rel}","templated":true}]}}