{"id":27,"date":"2026-03-04T19:08:31","date_gmt":"2026-03-04T18:08:31","guid":{"rendered":"https:\/\/drdobrovitzalexandra.hu\/?page_id=27"},"modified":"2026-03-04T19:18:31","modified_gmt":"2026-03-04T18:18:31","slug":"gyakran-ismetelt-kerdesek","status":"publish","type":"page","link":"https:\/\/drdobrovitzalexandra.hu\/?page_id=27","title":{"rendered":"Gyakran ism\u00e9telt k\u00e9rd\u00e9sek"},"content":{"rendered":"\n<div class=\"wp-block-media-text has-media-on-the-right is-stacked-on-mobile\"><div class=\"wp-block-media-text__content\">\n<p><strong>Milyen dokumentumokra van sz\u00fcks\u00e9g az els\u0151 konzult\u00e1ci\u00f3hoz?<\/strong><br>Az \u00fcgy jelleg\u00e9t\u0151l f\u00fcgg, de \u00e1ltal\u00e1ban hozza mag\u00e1val az \u00fcgyh\u00f6z kapcsol\u00f3d\u00f3 \u00f6sszes \u00edr\u00e1sos dokumentumot, szerz\u0151d\u00e9st, levelez\u00e9st \u00e9s egy\u00e9b relev\u00e1ns iratokat, valamint a szem\u00e9lyes okm\u00e1nyait.<\/p>\n\n\n\n<p><strong>Hogyan \u00e9p\u00fcl fel a jogi k\u00e9pviselet ell\u00e1t\u00e1sa?<\/strong><br>Els\u0151 l\u00e9p\u00e9sk\u00e9nt konzult\u00e1ci\u00f3t tartunk, ahol megismerem az \u00fcgy r\u00e9szleteit. Ezt k\u00f6vet\u0151en megtervezem a jogi strat\u00e9gi\u00e1t, \u00e9s v\u00e9gigvezetem \u00d6nt a teljes folyamaton.<\/p>\n\n\n\n<p><strong>Milyen d\u00edjszab\u00e1sra sz\u00e1m\u00edthatok?<\/strong><br>A d\u00edjszab\u00e1s az \u00fcgy \u00f6sszetetts\u00e9g\u00e9t\u0151l \u00e9s jelleg\u00e9t\u0151l f\u00fcgg. Az els\u0151 konzult\u00e1ci\u00f3n \u00e1tl\u00e1that\u00f3 \u00e1raj\u00e1nlatot kaphat, nincs rejtett k\u00f6lts\u00e9g.<\/p>\n<\/div><figure class=\"wp-block-media-text__media\"><img loading=\"lazy\" decoding=\"async\" width=\"518\" height=\"518\" src=\"https:\/\/drdobrovitzalexandra.hu\/wp-content\/uploads\/2026\/03\/GYIK.png\" alt=\"\" class=\"wp-image-35 size-full\" srcset=\"https:\/\/drdobrovitzalexandra.hu\/wp-content\/uploads\/2026\/03\/GYIK.png 518w, https:\/\/drdobrovitzalexandra.hu\/wp-content\/uploads\/2026\/03\/GYIK-300x300.png 300w, https:\/\/drdobrovitzalexandra.hu\/wp-content\/uploads\/2026\/03\/GYIK-150x150.png 150w, https:\/\/drdobrovitzalexandra.hu\/wp-content\/uploads\/2026\/03\/GYIK-60x60.png 60w\" sizes=\"auto, (max-width: 518px) 100vw, 518px\" \/><\/figure><\/div>\n","protected":false},"excerpt":{"rendered":"<p>Milyen dokumentumokra van sz\u00fcks\u00e9g az els\u0151 konzult\u00e1ci\u00f3hoz?Az \u00fcgy jelleg\u00e9t\u0151l f\u00fcgg, de \u00e1ltal\u00e1ban hozza mag\u00e1val az \u00fcgyh\u00f6z kapcsol\u00f3d\u00f3 \u00f6sszes \u00edr\u00e1sos dokumentumot, szerz\u0151d\u00e9st, levelez\u00e9st \u00e9s egy\u00e9b relev\u00e1ns iratokat, valamint a szem\u00e9lyes okm\u00e1nyait. Hogyan \u00e9p\u00fcl fel a jogi k\u00e9pviselet ell\u00e1t\u00e1sa?Els\u0151 l\u00e9p\u00e9sk\u00e9nt konzult\u00e1ci\u00f3t tartunk, ahol megismerem az \u00fcgy r\u00e9szleteit. Ezt k\u00f6vet\u0151en megtervezem a jogi strat\u00e9gi\u00e1t, \u00e9s v\u00e9gigvezetem \u00d6nt a &hellip; <\/p>\n","protected":false},"author":1,"featured_media":0,"parent":0,"menu_order":0,"comment_status":"closed","ping_status":"closed","template":"","meta":{"footnotes":""},"class_list":["post-27","page","type-page","status-publish","hentry"],"_links":{"self":[{"href":"https:\/\/drdobrovitzalexandra.hu\/index.php?rest_route=\/wp\/v2\/pages\/27","targetHints":{"allow":["GET"]}}],"collection":[{"href":"https:\/\/drdobrovitzalexandra.hu\/index.php?rest_route=\/wp\/v2\/pages"}],"about":[{"href":"https:\/\/drdobrovitzalexandra.hu\/index.php?rest_route=\/wp\/v2\/types\/page"}],"author":[{"embeddable":true,"href":"https:\/\/drdobrovitzalexandra.hu\/index.php?rest_route=\/wp\/v2\/users\/1"}],"replies":[{"embeddable":true,"href":"https:\/\/drdobrovitzalexandra.hu\/index.php?rest_route=%2Fwp%2Fv2%2Fcomments&post=27"}],"version-history":[{"count":2,"href":"https:\/\/drdobrovitzalexandra.hu\/index.php?rest_route=\/wp\/v2\/pages\/27\/revisions"}],"predecessor-version":[{"id":36,"href":"https:\/\/drdobrovitzalexandra.hu\/index.php?rest_route=\/wp\/v2\/pages\/27\/revisions\/36"}],"wp:attachment":[{"href":"https:\/\/drdobrovitzalexandra.hu\/index.php?rest_route=%2Fwp%2Fv2%2Fmedia&parent=27"}],"curies":[{"name":"wp","href":"https:\/\/api.w.org\/{rel}","templated":true}]}}