{"id":29,"date":"2026-03-04T19:08:50","date_gmt":"2026-03-04T18:08:50","guid":{"rendered":"https:\/\/drdobrovitzalexandra.hu\/?page_id=29"},"modified":"2026-03-04T19:51:01","modified_gmt":"2026-03-04T18:51:01","slug":"publikacioim","status":"publish","type":"page","link":"https:\/\/drdobrovitzalexandra.hu\/?page_id=29","title":{"rendered":"Publik\u00e1ci\u00f3im"},"content":{"rendered":"\n<p>PhD hallgat\u00f3k\u00e9nt v\u00e9gzett kutat\u00e1saim \u00e9s szakmai tev\u00e9kenys\u00e9gem sor\u00e1n m\u00e1r t\u00f6bb tudom\u00e1nyos publik\u00e1ci\u00f3t jelentettem meg az agr\u00e1rjog \u00e9s f\u00f6ldforgalmi szab\u00e1lyoz\u00e1s ter\u00fclet\u00e9n, a tudom\u00e1nyos munk\u00e1t a jogszab\u00e1lyi v\u00e1ltoz\u00e1sokra is figyelemmel folyamatosan v\u00e9gzem.<\/p>\n\n\n\n<p><strong>A f\u00f6ldforgalmi szab\u00e1lyoz\u00e1s \u00fatja a XX. sz\u00e1zad els\u0151 fel\u00e9ben<\/strong><br><em>THEMIS: AZ ELTE \u00c1llam- \u00e9s Jogtudom\u00e1nyi Doktori Iskola Elektronikus Foly\u00f3irata, 2021 m\u00e1jus, pp. 56-70.<\/em><br><a href=\"http:\/\/chrome-extension:\/\/efaidnbmnnnibpcajpcglclefindmkaj\/https:\/\/epa.oszk.hu\/02300\/02363\/00036\/pdf\/EPA02363_themis_2021_maj_056-070.pdf\">http:\/\/chrome-extension:\/\/efaidnbmnnnibpcajpcglclefindmkaj\/https:\/\/epa.oszk.hu\/02300\/02363\/00036\/pdf\/EPA02363_themis_2021_maj_056-070.pdf<\/a><br><\/p>\n\n\n\n<p><strong>\u00daj kih\u00edv\u00e1sok a csal\u00e1di gazdas\u00e1gokbana csal\u00e1di gazdas\u00e1gokr\u00f3l sz\u00f3l\u00f3 t\u00f6rv\u00e9ny t\u00fckr\u00e9ben. <\/strong><em>Jogi Tanulm\u00e1nyok 22, 2021, pp. 59-71. Konferenciak\u00f6zlem\u00e9ny.<\/em><br><a href=\"http:\/\/chrome-extension:\/\/efaidnbmnnnibpcajpcglclefindmkaj\/https:\/\/epa.oszk.hu\/02600\/02687\/00009\/pdf\/EPA02687_jogi_tanulmanyok_2021_059-071.pdf\">http:\/\/chrome-extension:\/\/efaidnbmnnnibpcajpcglclefindmkaj\/https:\/\/epa.oszk.hu\/02600\/02687\/00009\/pdf\/EPA02687_jogi_tanulmanyok_2021_059-071.pdf<\/a><\/p>\n\n\n\n<p><strong>A term\u0151f\u00f6ld el\u0151v\u00e1s\u00e1rl\u00e1si jog egyes k\u00e9rd\u00e9sei a b\u00edr\u00f3i gyakorlat t\u00fckr\u00e9ben, k\u00fcl\u00f6n\u00f6s tekintettel a polg\u00e1ri jogi szab\u00e1lyok alkalmazhat\u00f3s\u00e1g\u00e1nak problematik\u00e1j\u00e1ra.<\/strong><em>ELTE E\u00f6tv\u00f6s Kiad\u00f3, 2019.<\/em><br><\/p>\n\n\n\n<p><strong><strong>A mez\u0151- \u00e9s erd\u0151gazdas\u00e1gi hasznos\u00edt\u00e1s\u00fa f\u00f6ldekre gyakorolhat\u00f3 el\u0151v\u00e1s\u00e1rl\u00e1si jog, mint a szerz\u0151d\u00e9si szabads\u00e1got korl\u00e1toz\u00f3 jogint\u00e9zm\u00e9ny<\/strong><\/strong><br><em>Gazdas\u00e1gi tendenci\u00e1k \u00e9s jogi kih\u00edv\u00e1sok a 21. sz\u00e1zadban, 4.<\/em>, <em>Iurisperitus Kiad\u00f3 Szeged, 2023<\/em><br><a href=\"http:\/\/chrome-extension:\/\/efaidnbmnnnibpcajpcglclefindmkaj\/https:\/\/publicatio.bibl.u-szeged.hu\/29448\/1\/Uzleti_4.pdf\">http:\/\/chrome-extension:\/\/efaidnbmnnnibpcajpcglclefindmkaj\/https:\/\/publicatio.bibl.u-szeged.hu\/29448\/1\/Uzleti_4.pdf<\/a><\/p>\n\n\n\n<p><\/p>\n","protected":false},"excerpt":{"rendered":"<p>PhD hallgat\u00f3k\u00e9nt v\u00e9gzett kutat\u00e1saim \u00e9s szakmai tev\u00e9kenys\u00e9gem sor\u00e1n m\u00e1r t\u00f6bb tudom\u00e1nyos publik\u00e1ci\u00f3t jelentettem meg az agr\u00e1rjog \u00e9s f\u00f6ldforgalmi szab\u00e1lyoz\u00e1s ter\u00fclet\u00e9n, a tudom\u00e1nyos munk\u00e1t a jogszab\u00e1lyi v\u00e1ltoz\u00e1sokra is figyelemmel folyamatosan v\u00e9gzem. A f\u00f6ldforgalmi szab\u00e1lyoz\u00e1s \u00fatja a XX. sz\u00e1zad els\u0151 fel\u00e9benTHEMIS: AZ ELTE \u00c1llam- \u00e9s Jogtudom\u00e1nyi Doktori Iskola Elektronikus Foly\u00f3irata, 2021 m\u00e1jus, pp. 56-70.http:\/\/chrome-extension:\/\/efaidnbmnnnibpcajpcglclefindmkaj\/https:\/\/epa.oszk.hu\/02300\/02363\/00036\/pdf\/EPA02363_themis_2021_maj_056-070.pdf \u00daj kih\u00edv\u00e1sok a &hellip; <\/p>\n","protected":false},"author":1,"featured_media":0,"parent":0,"menu_order":0,"comment_status":"closed","ping_status":"closed","template":"","meta":{"footnotes":""},"class_list":["post-29","page","type-page","status-publish","hentry"],"_links":{"self":[{"href":"https:\/\/drdobrovitzalexandra.hu\/index.php?rest_route=\/wp\/v2\/pages\/29","targetHints":{"allow":["GET"]}}],"collection":[{"href":"https:\/\/drdobrovitzalexandra.hu\/index.php?rest_route=\/wp\/v2\/pages"}],"about":[{"href":"https:\/\/drdobrovitzalexandra.hu\/index.php?rest_route=\/wp\/v2\/types\/page"}],"author":[{"embeddable":true,"href":"https:\/\/drdobrovitzalexandra.hu\/index.php?rest_route=\/wp\/v2\/users\/1"}],"replies":[{"embeddable":true,"href":"https:\/\/drdobrovitzalexandra.hu\/index.php?rest_route=%2Fwp%2Fv2%2Fcomments&post=29"}],"version-history":[{"count":2,"href":"https:\/\/drdobrovitzalexandra.hu\/index.php?rest_route=\/wp\/v2\/pages\/29\/revisions"}],"predecessor-version":[{"id":47,"href":"https:\/\/drdobrovitzalexandra.hu\/index.php?rest_route=\/wp\/v2\/pages\/29\/revisions\/47"}],"wp:attachment":[{"href":"https:\/\/drdobrovitzalexandra.hu\/index.php?rest_route=%2Fwp%2Fv2%2Fmedia&parent=29"}],"curies":[{"name":"wp","href":"https:\/\/api.w.org\/{rel}","templated":true}]}}